{"id":65,"date":"2023-09-14T10:02:54","date_gmt":"2023-09-14T13:02:54","guid":{"rendered":"https:\/\/fadminas.edu.br\/educacaobasica\/?page_id=65"},"modified":"2024-09-12T16:32:18","modified_gmt":"2024-09-12T19:32:18","slug":"agende-uma-visita","status":"publish","type":"page","link":"https:\/\/fadminas.edu.br\/educacaobasica\/agende-uma-visita\/","title":{"rendered":"Agende uma Visita"},"content":{"rendered":"\t\t<div data-elementor-type=\"wp-page\" data-elementor-id=\"65\" class=\"elementor elementor-65\" data-elementor-post-type=\"page\">\n\t\t\t\t\t\t\t\t\t<section class=\"elementor-section elementor-top-section elementor-element elementor-element-f3f88f8 elementor-section-boxed elementor-section-height-default elementor-section-height-default\" data-id=\"f3f88f8\" data-element_type=\"section\">\n\t\t\t\t\t\t<div class=\"elementor-container elementor-column-gap-default\">\n\t\t\t\t\t<div class=\"elementor-column elementor-col-100 elementor-top-column elementor-element elementor-element-5a22806d\" data-id=\"5a22806d\" data-element_type=\"column\">\n\t\t\t<div class=\"elementor-widget-wrap elementor-element-populated\">\n\t\t\t\t\t\t\t\t<div class=\"elementor-element elementor-element-5d7495c6 elementor-widget elementor-widget-text-editor\" data-id=\"5d7495c6\" data-element_type=\"widget\" data-widget_type=\"text-editor.default\">\n\t\t\t\t<div class=\"elementor-widget-container\">\n\t\t\t<style>\/*! elementor - v3.17.0 - 01-11-2023 *\/\n.elementor-widget-text-editor.elementor-drop-cap-view-stacked .elementor-drop-cap{background-color:#69727d;color:#fff}.elementor-widget-text-editor.elementor-drop-cap-view-framed .elementor-drop-cap{color:#69727d;border:3px solid;background-color:transparent}.elementor-widget-text-editor:not(.elementor-drop-cap-view-default) .elementor-drop-cap{margin-top:8px}.elementor-widget-text-editor:not(.elementor-drop-cap-view-default) .elementor-drop-cap-letter{width:1em;height:1em}.elementor-widget-text-editor .elementor-drop-cap{float:left;text-align:center;line-height:1;font-size:50px}.elementor-widget-text-editor .elementor-drop-cap-letter{display:inline-block}<\/style>\t\t\t\t\n<p>Ficaremos muito felizes em receber voc\u00ea e sua fam\u00edlia para nos conhecer melhor. <\/p>\n<p><!-- \/wp:paragraph --><\/p>\n<p><!-- wp:paragraph --><\/p>\n<p>Voc\u00ea pode agendar a visita informando seus dados atrav\u00e9s do WhatsApp clicando no link abaixo:<\/p>\n<p><!-- \/wp:paragraph --><\/p>\n<p><!-- wp:paragraph --><\/p>\n<p><!-- \/wp:paragraph --><\/p>\n<p><!-- wp:areoi\/button {\"block_id\":\"42bd008b-1691-4403-958e-1b2d29bfa50a\",\"text\":\"Agendar Visita\"} \/--><\/p>\t\t\t\t\t\t<\/div>\n\t\t\t\t<\/div>\n\t\t\t\t<div class=\"elementor-element elementor-element-0bd8b29 elementor-widget elementor-widget-button\" data-id=\"0bd8b29\" data-element_type=\"widget\" data-widget_type=\"button.default\">\n\t\t\t\t<div class=\"elementor-widget-container\">\n\t\t\t\t\t<div class=\"elementor-button-wrapper\">\n\t\t\t<a class=\"elementor-button elementor-button-link elementor-size-sm\" href=\"https:\/\/api.whatsapp.com\/send?phone=553538293600&#038;text=Ol%C3%A1!%20Quero%20agendar%20uma%20visita\" target=\"_blank\">\n\t\t\t\t\t\t<span class=\"elementor-button-content-wrapper\">\n\t\t\t\t\t\t<span class=\"elementor-button-text\">Agendar Visita<\/span>\n\t\t<\/span>\n\t\t\t\t\t<\/a>\n\t\t<\/div>\n\t\t\t\t<\/div>\n\t\t\t\t<\/div>\n\t\t\t\t\t<\/div>\n\t\t<\/div>\n\t\t\t\t\t\t\t<\/div>\n\t\t<\/section>\n\t\t\t\t\t\t\t<\/div>\n\t\t","protected":false},"excerpt":{"rendered":"<p>Ficaremos muito felizes em receber voc\u00ea e sua fam\u00edlia para nos conhecer melhor. Voc\u00ea pode agendar a visita informando seus dados atrav\u00e9s do WhatsApp clicando no link abaixo: Agendar Visita<\/p>\n","protected":false},"author":1,"featured_media":0,"parent":0,"menu_order":0,"comment_status":"closed","ping_status":"closed","template":"","meta":{"footnotes":""},"class_list":["post-65","page","type-page","status-publish","hentry"],"yoast_head":"<!-- This site is optimized with the Yoast SEO plugin v23.7 - https:\/\/yoast.com\/wordpress\/plugins\/seo\/ -->\n<title>Agende uma Visita - FADMINAS<\/title>\n<meta name=\"robots\" content=\"index, follow, max-snippet:-1, max-image-preview:large, max-video-preview:-1\" \/>\n<link rel=\"canonical\" href=\"https:\/\/fadminas.edu.br\/educacaobasica\/agende-uma-visita\/\" \/>\n<meta property=\"og:locale\" content=\"pt_BR\" \/>\n<meta property=\"og:type\" content=\"article\" \/>\n<meta property=\"og:title\" content=\"Agende uma Visita - FADMINAS\" \/>\n<meta property=\"og:description\" content=\"Ficaremos muito felizes em receber voc\u00ea e sua fam\u00edlia para nos conhecer melhor. Voc\u00ea pode agendar a visita informando seus dados atrav\u00e9s do WhatsApp clicando no link abaixo: Agendar Visita\" \/>\n<meta property=\"og:url\" content=\"https:\/\/fadminas.edu.br\/educacaobasica\/agende-uma-visita\/\" \/>\n<meta property=\"og:site_name\" content=\"FADMINAS\" \/>\n<meta property=\"article:modified_time\" content=\"2024-09-12T19:32:18+00:00\" \/>\n<meta name=\"twitter:card\" content=\"summary_large_image\" \/>\n<script type=\"application\/ld+json\" class=\"yoast-schema-graph\">{\"@context\":\"https:\/\/schema.org\",\"@graph\":[{\"@type\":\"WebPage\",\"@id\":\"https:\/\/fadminas.edu.br\/educacaobasica\/agende-uma-visita\/\",\"url\":\"https:\/\/fadminas.edu.br\/educacaobasica\/agende-uma-visita\/\",\"name\":\"Agende uma Visita - FADMINAS\",\"isPartOf\":{\"@id\":\"https:\/\/fadminas.edu.br\/educacaobasica\/#website\"},\"datePublished\":\"2023-09-14T13:02:54+00:00\",\"dateModified\":\"2024-09-12T19:32:18+00:00\",\"breadcrumb\":{\"@id\":\"https:\/\/fadminas.edu.br\/educacaobasica\/agende-uma-visita\/#breadcrumb\"},\"inLanguage\":\"pt-BR\",\"potentialAction\":[{\"@type\":\"ReadAction\",\"target\":[\"https:\/\/fadminas.edu.br\/educacaobasica\/agende-uma-visita\/\"]}]},{\"@type\":\"BreadcrumbList\",\"@id\":\"https:\/\/fadminas.edu.br\/educacaobasica\/agende-uma-visita\/#breadcrumb\",\"itemListElement\":[{\"@type\":\"ListItem\",\"position\":1,\"name\":\"In\u00edcio\",\"item\":\"https:\/\/fadminas.edu.br\/educacaobasica\/\"},{\"@type\":\"ListItem\",\"position\":2,\"name\":\"Agende uma Visita\"}]},{\"@type\":\"WebSite\",\"@id\":\"https:\/\/fadminas.edu.br\/educacaobasica\/#website\",\"url\":\"https:\/\/fadminas.edu.br\/educacaobasica\/\",\"name\":\"FADMINAS\",\"description\":\"Educa\u00e7\u00e3o B\u00e1sica\",\"publisher\":{\"@id\":\"https:\/\/fadminas.edu.br\/educacaobasica\/#organization\"},\"potentialAction\":[{\"@type\":\"SearchAction\",\"target\":{\"@type\":\"EntryPoint\",\"urlTemplate\":\"https:\/\/fadminas.edu.br\/educacaobasica\/?s={search_term_string}\"},\"query-input\":{\"@type\":\"PropertyValueSpecification\",\"valueRequired\":true,\"valueName\":\"search_term_string\"}}],\"inLanguage\":\"pt-BR\"},{\"@type\":\"Organization\",\"@id\":\"https:\/\/fadminas.edu.br\/educacaobasica\/#organization\",\"name\":\"FADMINAS\",\"url\":\"https:\/\/fadminas.edu.br\/educacaobasica\/\",\"logo\":{\"@type\":\"ImageObject\",\"inLanguage\":\"pt-BR\",\"@id\":\"https:\/\/fadminas.edu.br\/educacaobasica\/#\/schema\/logo\/image\/\",\"url\":\"https:\/\/fadminas.edu.br\/educacaobasica\/wp-content\/uploads\/sites\/2\/2023\/09\/FADMINAS.png\",\"contentUrl\":\"https:\/\/fadminas.edu.br\/educacaobasica\/wp-content\/uploads\/sites\/2\/2023\/09\/FADMINAS.png\",\"width\":328,\"height\":59,\"caption\":\"FADMINAS\"},\"image\":{\"@id\":\"https:\/\/fadminas.edu.br\/educacaobasica\/#\/schema\/logo\/image\/\"}}]}<\/script>\n<!-- \/ Yoast SEO plugin. -->","yoast_head_json":{"title":"Agende uma Visita - FADMINAS","robots":{"index":"index","follow":"follow","max-snippet":"max-snippet:-1","max-image-preview":"max-image-preview:large","max-video-preview":"max-video-preview:-1"},"canonical":"https:\/\/fadminas.edu.br\/educacaobasica\/agende-uma-visita\/","og_locale":"pt_BR","og_type":"article","og_title":"Agende uma Visita - FADMINAS","og_description":"Ficaremos muito felizes em receber voc\u00ea e sua fam\u00edlia para nos conhecer melhor. Voc\u00ea pode agendar a visita informando seus dados atrav\u00e9s do WhatsApp clicando no link abaixo: Agendar Visita","og_url":"https:\/\/fadminas.edu.br\/educacaobasica\/agende-uma-visita\/","og_site_name":"FADMINAS","article_modified_time":"2024-09-12T19:32:18+00:00","twitter_card":"summary_large_image","schema":{"@context":"https:\/\/schema.org","@graph":[{"@type":"WebPage","@id":"https:\/\/fadminas.edu.br\/educacaobasica\/agende-uma-visita\/","url":"https:\/\/fadminas.edu.br\/educacaobasica\/agende-uma-visita\/","name":"Agende uma Visita - FADMINAS","isPartOf":{"@id":"https:\/\/fadminas.edu.br\/educacaobasica\/#website"},"datePublished":"2023-09-14T13:02:54+00:00","dateModified":"2024-09-12T19:32:18+00:00","breadcrumb":{"@id":"https:\/\/fadminas.edu.br\/educacaobasica\/agende-uma-visita\/#breadcrumb"},"inLanguage":"pt-BR","potentialAction":[{"@type":"ReadAction","target":["https:\/\/fadminas.edu.br\/educacaobasica\/agende-uma-visita\/"]}]},{"@type":"BreadcrumbList","@id":"https:\/\/fadminas.edu.br\/educacaobasica\/agende-uma-visita\/#breadcrumb","itemListElement":[{"@type":"ListItem","position":1,"name":"In\u00edcio","item":"https:\/\/fadminas.edu.br\/educacaobasica\/"},{"@type":"ListItem","position":2,"name":"Agende uma Visita"}]},{"@type":"WebSite","@id":"https:\/\/fadminas.edu.br\/educacaobasica\/#website","url":"https:\/\/fadminas.edu.br\/educacaobasica\/","name":"FADMINAS","description":"Educa\u00e7\u00e3o B\u00e1sica","publisher":{"@id":"https:\/\/fadminas.edu.br\/educacaobasica\/#organization"},"potentialAction":[{"@type":"SearchAction","target":{"@type":"EntryPoint","urlTemplate":"https:\/\/fadminas.edu.br\/educacaobasica\/?s={search_term_string}"},"query-input":{"@type":"PropertyValueSpecification","valueRequired":true,"valueName":"search_term_string"}}],"inLanguage":"pt-BR"},{"@type":"Organization","@id":"https:\/\/fadminas.edu.br\/educacaobasica\/#organization","name":"FADMINAS","url":"https:\/\/fadminas.edu.br\/educacaobasica\/","logo":{"@type":"ImageObject","inLanguage":"pt-BR","@id":"https:\/\/fadminas.edu.br\/educacaobasica\/#\/schema\/logo\/image\/","url":"https:\/\/fadminas.edu.br\/educacaobasica\/wp-content\/uploads\/sites\/2\/2023\/09\/FADMINAS.png","contentUrl":"https:\/\/fadminas.edu.br\/educacaobasica\/wp-content\/uploads\/sites\/2\/2023\/09\/FADMINAS.png","width":328,"height":59,"caption":"FADMINAS"},"image":{"@id":"https:\/\/fadminas.edu.br\/educacaobasica\/#\/schema\/logo\/image\/"}}]}},"_links":{"self":[{"href":"https:\/\/fadminas.edu.br\/educacaobasica\/wp-json\/wp\/v2\/pages\/65"}],"collection":[{"href":"https:\/\/fadminas.edu.br\/educacaobasica\/wp-json\/wp\/v2\/pages"}],"about":[{"href":"https:\/\/fadminas.edu.br\/educacaobasica\/wp-json\/wp\/v2\/types\/page"}],"author":[{"embeddable":true,"href":"https:\/\/fadminas.edu.br\/educacaobasica\/wp-json\/wp\/v2\/users\/1"}],"replies":[{"embeddable":true,"href":"https:\/\/fadminas.edu.br\/educacaobasica\/wp-json\/wp\/v2\/comments?post=65"}],"version-history":[{"count":20,"href":"https:\/\/fadminas.edu.br\/educacaobasica\/wp-json\/wp\/v2\/pages\/65\/revisions"}],"predecessor-version":[{"id":1248,"href":"https:\/\/fadminas.edu.br\/educacaobasica\/wp-json\/wp\/v2\/pages\/65\/revisions\/1248"}],"wp:attachment":[{"href":"https:\/\/fadminas.edu.br\/educacaobasica\/wp-json\/wp\/v2\/media?parent=65"}],"curies":[{"name":"wp","href":"https:\/\/api.w.org\/{rel}","templated":true}]}}